{"id":28,"date":"2026-03-10T17:36:01","date_gmt":"2026-03-10T17:36:01","guid":{"rendered":"https:\/\/adzela.mojweb.com.hr\/?page_id=28"},"modified":"2026-03-12T17:29:23","modified_gmt":"2026-03-12T17:29:23","slug":"lustik","status":"publish","type":"page","link":"https:\/\/adzela.mojweb.com.hr\/","title":{"rendered":"Lustik"},"content":{"rendered":"\n<div class=\"wp-block-group alignfull has-accent-background-color has-background has-global-padding is-layout-constrained wp-container-core-group-is-layout-669513ed wp-block-group-is-layout-constrained\" style=\"margin-top:0;margin-bottom:0;padding-top:var(--wp--preset--spacing--50);padding-right:var(--wp--preset--spacing--50);padding-bottom:var(--wp--preset--spacing--50);padding-left:var(--wp--preset--spacing--50)\">\n<div class=\"wp-block-columns alignwide is-layout-flex wp-container-core-columns-is-layout-1da03c2a wp-block-columns-is-layout-flex\">\n<div class=\"wp-block-column is-vertically-aligned-stretch is-layout-flow wp-block-column-is-layout-flow\" style=\"flex-basis:50%\">\n<div class=\"wp-block-group is-vertical is-content-justification-stretch is-layout-flex wp-container-core-group-is-layout-444d5ee8 wp-block-group-is-layout-flex\" style=\"min-height:100%\">\n<blockquote class=\"wp-block-quote is-style-plain is-layout-flow wp-block-quote-is-layout-flow\">\n<ul class=\"wp-block-list\">\n<li>S ciljem stvaranja unikatnih, personaliziranih proizvoda koji ostaju trajna uspomena nastao je mali obrt za izradu rukotvorina.<\/li>\n<\/ul>\n<\/blockquote>\n\n\n\n<div class=\"wp-block-buttons is-layout-flex wp-block-buttons-is-layout-flex\">\n<div class=\"wp-block-button\"><a class=\"wp-block-button__link wp-element-button\" href=\"https:\/\/adzela.mojweb.com.hr\/?page_id=42\">O NAMA<\/a><\/div>\n<\/div>\n\n\n\n<div class=\"wp-block-group is-layout-grid wp-container-core-group-is-layout-478b6e6b wp-block-group-is-layout-grid\"><\/div>\n<\/div>\n<\/div>\n\n\n\n<div class=\"wp-block-column is-vertically-aligned-center is-layout-flow wp-block-column-is-layout-flow\" style=\"flex-basis:50%\">\n<figure class=\"wp-block-image size-large is-style-rounded\"><img fetchpriority=\"high\" decoding=\"async\" width=\"1024\" height=\"906\" src=\"https:\/\/adzela.mojweb.com.hr\/wp-content\/uploads\/2026\/03\/Lustik_Magare-1024x906.jpeg\" alt=\"\" class=\"wp-image-32\" style=\"aspect-ratio:3\/4;object-fit:cover\" srcset=\"https:\/\/adzela.mojweb.com.hr\/wp-content\/uploads\/2026\/03\/Lustik_Magare-1024x906.jpeg 1024w, https:\/\/adzela.mojweb.com.hr\/wp-content\/uploads\/2026\/03\/Lustik_Magare-300x266.jpeg 300w, https:\/\/adzela.mojweb.com.hr\/wp-content\/uploads\/2026\/03\/Lustik_Magare-768x680.jpeg 768w, https:\/\/adzela.mojweb.com.hr\/wp-content\/uploads\/2026\/03\/Lustik_Magare.jpeg 1080w\" sizes=\"(max-width: 1024px) 100vw, 1024px\" \/><\/figure>\n<\/div>\n<\/div>\n<\/div>\n\n\n\n<p><\/p>\n\n\n\n<div class=\"wp-block-group alignfull has-base-background-color has-background has-global-padding is-layout-constrained wp-container-core-group-is-layout-d89aad35 wp-block-group-is-layout-constrained\" style=\"margin-top:0;margin-bottom:0;padding-top:var(--wp--preset--spacing--50);padding-right:var(--wp--preset--spacing--50);padding-bottom:var(--wp--preset--spacing--50);padding-left:var(--wp--preset--spacing--50)\">\n<div class=\"wp-block-columns alignwide is-layout-flex wp-container-core-columns-is-layout-549b0c86 wp-block-columns-is-layout-flex\">\n<div class=\"wp-block-column is-layout-flow wp-container-core-column-is-layout-119bc444 wp-block-column-is-layout-flow\" style=\"flex-basis:60%\">\n<p class=\"has-heading-font-family has-x-large-font-size\" style=\"line-height:1.2\">Ljepota ru\u010dnog rada<\/p>\n\n\n\n<div class=\"wp-block-columns is-layout-flex wp-container-core-columns-is-layout-87beb0d0 wp-block-columns-is-layout-flex\">\n<div class=\"wp-block-column is-layout-flow wp-block-column-is-layout-flow\">\n<p class=\"wp-container-content-9cfa9a5a\">U Lustiku svaki proizvod nastaje ru\u010dno, s pa\u017enjom prema detaljima i \u017eeljom da kupac dobije ne\u0161to jedinstveno. Obrt je specijaliziran za izradu dekoracija, suvenira i poklona koji se mogu u potpunosti prilagoditi \u017eeljama klijenata.<\/p>\n\n\n\n<p>Posebno mjesto u ponudi zauzimaju sljedeci proizvodi.<\/p>\n<\/div>\n\n\n\n<div class=\"wp-block-column is-layout-flow wp-block-column-is-layout-flow\">\n<p><strong>Personalizirani magneti od gipsa<\/strong> \u2013 idealni suveniri za apartmane, suvenirnice i male obrte<\/p>\n\n\n\n<p><strong>Ukrasi i suveniri od gipsa<\/strong> \u2013 dekorativni predmeti koji uljep\u0161avaju svaki prostor<\/p>\n\n\n\n<p><strong>Ru\u010dno graviranje drva pirografom<\/strong> \u2013 personalizirane poruke, imena ili motivi urezani u drvo<\/p>\n\n\n\n<p><strong>Metalni stolovi s epoxy smolom<\/strong> \u2013 unikatni komadi namje\u0161taja za posebnu klijentelu i kolekcionare<\/p>\n\n\n\n<p><strong>Personalizirani fotoalbumi<\/strong> \u2013 savr\u0161en poklon za ro\u0111endane, posebne prilike ili \u201ebride to be\u201c trenutke<\/p>\n<\/div>\n<\/div>\n<\/div>\n<\/div>\n<\/div>\n\n\n\n<div class=\"wp-block-group alignfull has-accent-5-background-color has-background has-global-padding is-layout-constrained wp-container-core-group-is-layout-d89aad35 wp-block-group-is-layout-constrained\" style=\"margin-top:0;margin-bottom:0;padding-top:var(--wp--preset--spacing--50);padding-right:var(--wp--preset--spacing--50);padding-bottom:var(--wp--preset--spacing--50);padding-left:var(--wp--preset--spacing--50)\">\n<div class=\"wp-block-columns alignwide is-layout-flex wp-container-core-columns-is-layout-1da03c2a wp-block-columns-is-layout-flex\">\n<div class=\"wp-block-column is-vertically-aligned-center is-layout-flow wp-block-column-is-layout-flow\" style=\"flex-basis:60%\">\n<figure class=\"wp-block-image size-full is-style-rounded wp-duotone-varpresetduotoneduotone-1-1\"><img decoding=\"async\" width=\"2018\" height=\"2048\" src=\"https:\/\/adzela.mojweb.com.hr\/wp-content\/uploads\/2026\/03\/Lustik_Drvo_Slika.jpeg\" alt=\"\" class=\"wp-image-35\" style=\"aspect-ratio:4\/3;object-fit:cover\" srcset=\"https:\/\/adzela.mojweb.com.hr\/wp-content\/uploads\/2026\/03\/Lustik_Drvo_Slika.jpeg 2018w, https:\/\/adzela.mojweb.com.hr\/wp-content\/uploads\/2026\/03\/Lustik_Drvo_Slika-296x300.jpeg 296w, https:\/\/adzela.mojweb.com.hr\/wp-content\/uploads\/2026\/03\/Lustik_Drvo_Slika-1009x1024.jpeg 1009w, https:\/\/adzela.mojweb.com.hr\/wp-content\/uploads\/2026\/03\/Lustik_Drvo_Slika-768x779.jpeg 768w, https:\/\/adzela.mojweb.com.hr\/wp-content\/uploads\/2026\/03\/Lustik_Drvo_Slika-1514x1536.jpeg 1514w\" sizes=\"(max-width: 2018px) 100vw, 2018px\" \/><\/figure>\n<\/div>\n\n\n\n<div class=\"wp-block-column is-layout-flow wp-block-column-is-layout-flow\" style=\"flex-basis:40%\">\n<h2 class=\"wp-block-heading\">Lustik proizvodi pronalaze put do razli\u010ditih klijenata, ali naj\u010de\u0161\u0107e su to:<\/h2>\n\n\n\n<div class=\"wp-block-cover\"><span aria-hidden=\"true\" class=\"wp-block-cover__background has-background-dim\"><\/span><div class=\"wp-block-cover__inner-container is-layout-flow wp-block-cover-is-layout-flow\">\n<div class=\"wp-block-group has-global-padding is-layout-constrained wp-block-group-is-layout-constrained\">\n<p class=\"has-text-align-left\"><strong>vlasnici manjih obrta<\/strong><\/p>\n\n\n\n<p class=\"has-text-align-left\"><strong>privatni iznajmljiva\u010di apartmana<\/strong><\/p>\n\n\n\n<p class=\"has-text-align-left\"><strong>suvenirnice<\/strong><\/p>\n\n\n\n<p class=\"has-text-align-left\"><strong>mlada publika koja tra\u017ei originalne poklone<\/strong><\/p>\n\n\n\n<p class=\"has-text-align-left\"><strong>kolekcionari i ljubitelji unikatnog namje\u0161taj<\/strong>a<\/p>\n<\/div>\n<\/div><\/div>\n<\/div>\n<\/div>\n<\/div>\n\n\n\n<div class=\"wp-block-group alignfull has-base-color has-contrast-background-color has-text-color has-background has-link-color wp-elements-3adc65b32b6d2a9dd70da31c278cdaf1 has-global-padding is-layout-constrained wp-container-core-group-is-layout-d89aad35 wp-block-group-is-layout-constrained\" style=\"margin-top:0;margin-bottom:0;padding-top:var(--wp--preset--spacing--50);padding-right:var(--wp--preset--spacing--50);padding-bottom:var(--wp--preset--spacing--50);padding-left:var(--wp--preset--spacing--50)\">\n<h2 class=\"wp-block-heading alignwide has-base-color has-text-color has-link-color wp-elements-c9b5699bdecff18878afa112249018b5\" style=\"font-size:clamp(4.509rem, 4.509rem + ((1vw - 0.2rem) * 9.984), 10rem);letter-spacing:-0.02em\">FAQs<\/h2>\n\n\n\n<div class=\"wp-block-group alignwide is-layout-flow wp-block-group-is-layout-flow\">\n<hr class=\"wp-block-separator has-text-color has-base-color has-alpha-channel-opacity has-base-background-color has-background is-style-wide\" style=\"margin-top:var(--wp--preset--spacing--30);margin-bottom:var(--wp--preset--spacing--30)\"\/>\n\n\n\n<h3 class=\"wp-block-heading alignwide has-base-2-color has-text-color has-link-color wp-elements-e045ad91dbf41de978e4edc5617a6a5e\">Koje proizvode mogu naru\u010diti u Lustiku?<\/h3>\n\n\n\n<p class=\"has-contrast-1-color has-text-color has-link-color wp-elements-100ae42387a252018f73e448fe9b2af2\">U Lustiku izra\u0111ujemo razli\u010dite ru\u010dno ra\u0111ene i personalizirane proizvode, uklju\u010duju\u0107i:<\/p>\n\n\n\n<ul class=\"wp-block-list\">\n<li>personalizirane magnete od gipsa<\/li>\n\n\n\n<li>ukrase i suvenire od gipsa<\/li>\n\n\n\n<li>ru\u010dno gravirane drvene proizvode (pirografija)<\/li>\n\n\n\n<li>metalne stolove s epoxy smolom<\/li>\n\n\n\n<li>personalizirane fotoalbume razli\u010ditih dizajna<\/li>\n<\/ul>\n\n\n\n<p class=\"has-contrast-1-color has-text-color has-link-color wp-elements-3d1246ee551189a4a38b7ed870de7666\">Tako\u0111er nudimo i <strong>poseban bo\u017ei\u0107ni asortiman<\/strong> ru\u010dno izra\u0111enih dekoracija i poklona.<\/p>\n\n\n\n<hr class=\"wp-block-separator has-text-color has-base-color has-alpha-channel-opacity has-base-background-color has-background is-style-wide\" style=\"margin-top:var(--wp--preset--spacing--30);margin-bottom:var(--wp--preset--spacing--30)\"\/>\n\n\n\n<h3 class=\"wp-block-heading alignwide has-base-2-color has-text-color has-link-color wp-elements-de0c1f338172db9d333892a339cfad90\">Je li mogu\u0107e personalizirati proizvode?<\/h3>\n\n\n\n<p class=\"has-contrast-1-color has-text-color has-link-color wp-elements-e1f2257a76606d8eb50408e7bdc4fe8a\">Da. Ve\u0107ina Lustik proizvoda mo\u017ee se <strong>personalizirati prema va\u0161im \u017eeljama<\/strong>. Mo\u017eete dodati ime, datum, poruku, logo obrta ili poseban motiv.<\/p>\n\n\n\n<hr class=\"wp-block-separator has-text-color has-base-color has-alpha-channel-opacity has-base-background-color has-background is-style-wide\" style=\"margin-top:var(--wp--preset--spacing--30);margin-bottom:var(--wp--preset--spacing--30)\"\/>\n\n\n\n<h3 class=\"wp-block-heading alignwide has-base-2-color has-text-color has-link-color wp-elements-20741e0c05f2578d88ec9fada9274e68\">Mogu li naru\u010diti ve\u0107u koli\u010dinu proizvoda za svoj obrt ili apartmane?<\/h3>\n\n\n\n<p class=\"has-contrast-1-color has-text-color has-link-color wp-elements-a232d5d4ea7b8e089e7e97f33cc295d6\">Naravno. Izra\u0111ujemo <strong>ve\u0107e koli\u010dine magneta, suvenira i personaliziranih proizvoda<\/strong> za obrte, apartmane i suvenirnice. Za takve narud\u017ebe preporu\u010dujemo da nam se javite unaprijed kako bismo dogovorili detalje.<\/p>\n\n\n\n<hr class=\"wp-block-separator has-text-color has-base-color has-alpha-channel-opacity has-base-background-color has-background is-style-wide\" style=\"margin-top:var(--wp--preset--spacing--30);margin-bottom:var(--wp--preset--spacing--30)\"\/>\n\n\n\n<h3 class=\"wp-block-heading alignwide has-base-2-color has-text-color has-link-color wp-elements-6ffb9e7dc22973c52fe3dc85151ed8a1\">Mogu li vidjeti va\u0161e radove prije narud\u017ebe?<\/h3>\n\n\n\n<p class=\"has-contrast-1-color has-text-color has-link-color wp-elements-36859b476c7301a2932a925877e5f332\">Naravno. Na na\u0161im <strong>Facebook i Instagram profilima<\/strong> redovito objavljujemo fotografije proizvoda, novih kolekcija i personaliziranih radova kako biste dobili inspiraciju i ideje.<\/p>\n\n\n\n<div style=\"margin-top:var(--wp--preset--spacing--10);margin-bottom:0;height:var(--wp--preset--spacing--10)\" aria-hidden=\"true\" class=\"wp-block-spacer\"><\/div>\n<\/div>\n<\/div>\n","protected":false},"excerpt":{"rendered":"<p>Ljepota ru\u010dnog rada U Lustiku svaki proizvod nastaje ru\u010dno, s pa\u017enjom prema detaljima i \u017eeljom da kupac dobije ne\u0161to jedinstveno. Obrt je specijaliziran za izradu dekoracija, suvenira i poklona koji se mogu u potpunosti prilagoditi \u017eeljama klijenata. Posebno mjesto u ponudi zauzimaju sljedeci proizvodi. Personalizirani magneti od gipsa \u2013 idealni suveniri za apartmane, suvenirnice i [&hellip;]<\/p>\n","protected":false},"author":1,"featured_media":0,"parent":0,"menu_order":1,"comment_status":"closed","ping_status":"closed","template":"","meta":{"footnotes":""},"class_list":["post-28","page","type-page","status-publish","hentry"],"_links":{"self":[{"href":"https:\/\/adzela.mojweb.com.hr\/index.php?rest_route=\/wp\/v2\/pages\/28","targetHints":{"allow":["GET"]}}],"collection":[{"href":"https:\/\/adzela.mojweb.com.hr\/index.php?rest_route=\/wp\/v2\/pages"}],"about":[{"href":"https:\/\/adzela.mojweb.com.hr\/index.php?rest_route=\/wp\/v2\/types\/page"}],"author":[{"embeddable":true,"href":"https:\/\/adzela.mojweb.com.hr\/index.php?rest_route=\/wp\/v2\/users\/1"}],"replies":[{"embeddable":true,"href":"https:\/\/adzela.mojweb.com.hr\/index.php?rest_route=%2Fwp%2Fv2%2Fcomments&post=28"}],"version-history":[{"count":9,"href":"https:\/\/adzela.mojweb.com.hr\/index.php?rest_route=\/wp\/v2\/pages\/28\/revisions"}],"predecessor-version":[{"id":59,"href":"https:\/\/adzela.mojweb.com.hr\/index.php?rest_route=\/wp\/v2\/pages\/28\/revisions\/59"}],"wp:attachment":[{"href":"https:\/\/adzela.mojweb.com.hr\/index.php?rest_route=%2Fwp%2Fv2%2Fmedia&parent=28"}],"curies":[{"name":"wp","href":"https:\/\/api.w.org\/{rel}","templated":true}]}}