{"id":116,"date":"2026-04-18T11:29:38","date_gmt":"2026-04-18T11:29:38","guid":{"rendered":"https:\/\/adzela.mojweb.com.hr\/?page_id=116"},"modified":"2026-04-18T11:35:22","modified_gmt":"2026-04-18T11:35:22","slug":"116-2","status":"publish","type":"page","link":"https:\/\/adzela.mojweb.com.hr\/?page_id=116","title":{"rendered":"Ponuda"},"content":{"rendered":"\t\t<div data-elementor-type=\"wp-page\" data-elementor-id=\"116\" class=\"elementor elementor-116\">\n\t\t\t\t\t\t<section class=\"elementor-section elementor-top-section elementor-element elementor-element-2f143a45 elementor-section-boxed elementor-section-height-default elementor-section-height-default\" data-id=\"2f143a45\" data-element_type=\"section\" data-e-type=\"section\">\n\t\t\t\t\t\t<div class=\"elementor-container elementor-column-gap-default\">\n\t\t\t\t\t<div class=\"elementor-column elementor-col-50 elementor-top-column elementor-element elementor-element-97f6b9a\" data-id=\"97f6b9a\" data-element_type=\"column\" data-e-type=\"column\">\n\t\t\t<div class=\"elementor-widget-wrap elementor-element-populated\">\n\t\t\t\t\t\t<section class=\"elementor-section elementor-inner-section elementor-element elementor-element-79e6e27c elementor-section-boxed elementor-section-height-default elementor-section-height-default\" data-id=\"79e6e27c\" data-element_type=\"section\" data-e-type=\"section\">\n\t\t\t\t\t\t<div class=\"elementor-container elementor-column-gap-default\">\n\t\t\t\t\t<div class=\"elementor-column elementor-col-100 elementor-inner-column elementor-element elementor-element-55daafd9\" data-id=\"55daafd9\" data-element_type=\"column\" data-e-type=\"column\">\n\t\t\t<div class=\"elementor-widget-wrap elementor-element-populated\">\n\t\t\t\t\t\t<div class=\"elementor-element elementor-element-6c9761ce elementor-widget elementor-widget-heading\" data-id=\"6c9761ce\" data-element_type=\"widget\" data-e-type=\"widget\" data-widget_type=\"heading.default\">\n\t\t\t\t\t<h2 class=\"elementor-heading-title elementor-size-default\">Ponuda<\/h2>\t\t\t\t<\/div>\n\t\t\t\t<div class=\"elementor-element elementor-element-32f5470a elementor-widget elementor-widget-text-editor\" data-id=\"32f5470a\" data-element_type=\"widget\" data-e-type=\"widget\" data-widget_type=\"text-editor.default\">\n\t\t\t\t\t\t\t\t\t<p>Ali to nije sve, ako imate nekakvu ideju slobodna nas kontaktirajte.<\/p>\t\t\t\t\t\t\t\t<\/div>\n\t\t\t\t\t<\/div>\n\t\t<\/div>\n\t\t\t\t\t<\/div>\n\t\t<\/section>\n\t\t\t\t\t<\/div>\n\t\t<\/div>\n\t\t\t\t<div class=\"elementor-column elementor-col-50 elementor-top-column elementor-element elementor-element-730e58ba\" data-id=\"730e58ba\" data-element_type=\"column\" data-e-type=\"column\">\n\t\t\t<div class=\"elementor-widget-wrap elementor-element-populated\">\n\t\t\t\t\t\t<section class=\"elementor-section elementor-inner-section elementor-element elementor-element-63a8c6f elementor-section-boxed elementor-section-height-default elementor-section-height-default\" data-id=\"63a8c6f\" data-element_type=\"section\" data-e-type=\"section\">\n\t\t\t\t\t\t<div class=\"elementor-container elementor-column-gap-default\">\n\t\t\t\t\t<div class=\"elementor-column elementor-col-50 elementor-inner-column elementor-element elementor-element-645b6d4f\" data-id=\"645b6d4f\" data-element_type=\"column\" data-e-type=\"column\">\n\t\t\t<div class=\"elementor-widget-wrap elementor-element-populated\">\n\t\t\t\t\t\t<div class=\"elementor-element elementor-element-5d80cce9 elementor-widget elementor-widget-image\" data-id=\"5d80cce9\" data-element_type=\"widget\" data-e-type=\"widget\" data-widget_type=\"image.default\">\n\t\t\t\t\t\t\t\t\t\t\t\t\t\t\t<img fetchpriority=\"high\" decoding=\"async\" width=\"1024\" height=\"1024\" src=\"https:\/\/adzela.mojweb.com.hr\/wp-content\/uploads\/2026\/04\/Magnet2-1024x1024.jpg\" class=\"attachment-large size-large wp-image-121\" alt=\"Lustik_Magnet\" srcset=\"https:\/\/adzela.mojweb.com.hr\/wp-content\/uploads\/2026\/04\/Magnet2-1024x1024.jpg 1024w, https:\/\/adzela.mojweb.com.hr\/wp-content\/uploads\/2026\/04\/Magnet2-300x300.jpg 300w, https:\/\/adzela.mojweb.com.hr\/wp-content\/uploads\/2026\/04\/Magnet2-150x150.jpg 150w, https:\/\/adzela.mojweb.com.hr\/wp-content\/uploads\/2026\/04\/Magnet2-768x768.jpg 768w, https:\/\/adzela.mojweb.com.hr\/wp-content\/uploads\/2026\/04\/Magnet2.jpg 1440w\" sizes=\"(max-width: 1024px) 100vw, 1024px\" \/>\t\t\t\t\t\t\t\t\t\t\t\t\t\t\t<\/div>\n\t\t\t\t\t<\/div>\n\t\t<\/div>\n\t\t\t\t<div class=\"elementor-column elementor-col-50 elementor-inner-column elementor-element elementor-element-24322b3\" data-id=\"24322b3\" data-element_type=\"column\" data-e-type=\"column\">\n\t\t\t<div class=\"elementor-widget-wrap elementor-element-populated\">\n\t\t\t\t\t\t<div class=\"elementor-element elementor-element-7dec0ad5 elementor-widget elementor-widget-heading\" data-id=\"7dec0ad5\" data-element_type=\"widget\" data-e-type=\"widget\" data-widget_type=\"heading.default\">\n\t\t\t\t\t<h3 class=\"elementor-heading-title elementor-size-default\">Magneti<\/h3>\t\t\t\t<\/div>\n\t\t\t\t<div class=\"elementor-element elementor-element-67ec2fec elementor-widget elementor-widget-text-editor\" data-id=\"67ec2fec\" data-element_type=\"widget\" data-e-type=\"widget\" data-widget_type=\"text-editor.default\">\n\t\t\t\t\t\t\t\t\t<p>Na\u0161i unikatni magneti savr\u0161en su mali poklon s velikim zna\u010denjem. Bilo da \u017eeli\u0161 razveseliti nekoga ili uljep\u0161ati vlastiti prostor, svaki dizajn izra\u0111en je s posebnom pa\u017enjom i dozom kreativnosti. Od modernih i minimalisti\u010dkih do veselih i personaliziranih motiva \u2013 prona\u0111i magnet koji pri\u010da tvoju pri\u010du.<\/p>\t\t\t\t\t\t\t\t<\/div>\n\t\t\t\t\t<\/div>\n\t\t<\/div>\n\t\t\t\t\t<\/div>\n\t\t<\/section>\n\t\t\t\t<section class=\"elementor-section elementor-inner-section elementor-element elementor-element-3053d9cf elementor-section-full_width elementor-section-height-default elementor-section-height-default\" data-id=\"3053d9cf\" data-element_type=\"section\" data-e-type=\"section\">\n\t\t\t\t\t\t<div class=\"elementor-container elementor-column-gap-default\">\n\t\t\t\t\t<div class=\"elementor-column elementor-col-50 elementor-inner-column elementor-element elementor-element-61f74b25\" data-id=\"61f74b25\" data-element_type=\"column\" data-e-type=\"column\">\n\t\t\t<div class=\"elementor-widget-wrap elementor-element-populated\">\n\t\t\t\t\t\t<div class=\"elementor-element elementor-element-3b689fb elementor-widget elementor-widget-image\" data-id=\"3b689fb\" data-element_type=\"widget\" data-e-type=\"widget\" data-widget_type=\"image.default\">\n\t\t\t\t\t\t\t\t\t\t\t\t\t\t\t<img decoding=\"async\" width=\"577\" height=\"1024\" src=\"https:\/\/adzela.mojweb.com.hr\/wp-content\/uploads\/2026\/04\/Sat1-577x1024.jpg\" class=\"attachment-large size-large wp-image-122\" alt=\"Sat\" srcset=\"https:\/\/adzela.mojweb.com.hr\/wp-content\/uploads\/2026\/04\/Sat1-577x1024.jpg 577w, https:\/\/adzela.mojweb.com.hr\/wp-content\/uploads\/2026\/04\/Sat1-169x300.jpg 169w, https:\/\/adzela.mojweb.com.hr\/wp-content\/uploads\/2026\/04\/Sat1-768x1364.jpg 768w, https:\/\/adzela.mojweb.com.hr\/wp-content\/uploads\/2026\/04\/Sat1-865x1536.jpg 865w, https:\/\/adzela.mojweb.com.hr\/wp-content\/uploads\/2026\/04\/Sat1.jpg 1153w\" sizes=\"(max-width: 577px) 100vw, 577px\" \/>\t\t\t\t\t\t\t\t\t\t\t\t\t\t\t<\/div>\n\t\t\t\t\t<\/div>\n\t\t<\/div>\n\t\t\t\t<div class=\"elementor-column elementor-col-50 elementor-inner-column elementor-element elementor-element-7a731809\" data-id=\"7a731809\" data-element_type=\"column\" data-e-type=\"column\">\n\t\t\t<div class=\"elementor-widget-wrap elementor-element-populated\">\n\t\t\t\t\t\t<div class=\"elementor-element elementor-element-4f57696 elementor-widget elementor-widget-heading\" data-id=\"4f57696\" data-element_type=\"widget\" data-e-type=\"widget\" data-widget_type=\"heading.default\">\n\t\t\t\t\t<h3 class=\"elementor-heading-title elementor-size-default\">Satovi<\/h3>\t\t\t\t<\/div>\n\t\t\t\t<div class=\"elementor-element elementor-element-696f7f0d elementor-widget elementor-widget-text-editor\" data-id=\"696f7f0d\" data-element_type=\"widget\" data-e-type=\"widget\" data-widget_type=\"text-editor.default\">\n\t\t\t\t\t\t\t\t\t<p>Na\u0161i unikatni magneti savr\u0161en su mali poklon s velikim zna\u010denjem. Bilo da \u017eeli\u0161 razveseliti nekoga ili uljep\u0161ati vlastiti prostor, svaki dizajn izra\u0111en je s posebnom pa\u017enjom i dozom kreativnosti. Od modernih i minimalisti\u010dkih do veselih i personaliziranih motiva \u2013 prona\u0111i magnet koji pri\u010da tvoju pri\u010du.<\/p>\t\t\t\t\t\t\t\t<\/div>\n\t\t\t\t\t<\/div>\n\t\t<\/div>\n\t\t\t\t\t<\/div>\n\t\t<\/section>\n\t\t\t\t<section class=\"elementor-section elementor-inner-section elementor-element elementor-element-3a1c3f67 elementor-section-full_width elementor-section-height-default elementor-section-height-default\" data-id=\"3a1c3f67\" data-element_type=\"section\" data-e-type=\"section\">\n\t\t\t\t\t\t<div class=\"elementor-container elementor-column-gap-default\">\n\t\t\t\t\t<div class=\"elementor-column elementor-col-50 elementor-inner-column elementor-element elementor-element-2bd7e1f0\" data-id=\"2bd7e1f0\" data-element_type=\"column\" data-e-type=\"column\">\n\t\t\t<div class=\"elementor-widget-wrap elementor-element-populated\">\n\t\t\t\t\t\t<div class=\"elementor-element elementor-element-36617ef3 elementor-widget elementor-widget-image\" data-id=\"36617ef3\" data-element_type=\"widget\" data-e-type=\"widget\" data-widget_type=\"image.default\">\n\t\t\t\t\t\t\t\t\t\t\t\t\t\t\t<img decoding=\"async\" width=\"1024\" height=\"1024\" src=\"https:\/\/adzela.mojweb.com.hr\/wp-content\/uploads\/2026\/04\/Slike1-1024x1024.jpg\" class=\"attachment-large size-large wp-image-123\" alt=\"\" srcset=\"https:\/\/adzela.mojweb.com.hr\/wp-content\/uploads\/2026\/04\/Slike1-1024x1024.jpg 1024w, https:\/\/adzela.mojweb.com.hr\/wp-content\/uploads\/2026\/04\/Slike1-300x300.jpg 300w, https:\/\/adzela.mojweb.com.hr\/wp-content\/uploads\/2026\/04\/Slike1-150x150.jpg 150w, https:\/\/adzela.mojweb.com.hr\/wp-content\/uploads\/2026\/04\/Slike1-768x768.jpg 768w, https:\/\/adzela.mojweb.com.hr\/wp-content\/uploads\/2026\/04\/Slike1.jpg 1440w\" sizes=\"(max-width: 1024px) 100vw, 1024px\" \/>\t\t\t\t\t\t\t\t\t\t\t\t\t\t\t<\/div>\n\t\t\t\t\t<\/div>\n\t\t<\/div>\n\t\t\t\t<div class=\"elementor-column elementor-col-50 elementor-inner-column elementor-element elementor-element-2d179b38\" data-id=\"2d179b38\" data-element_type=\"column\" data-e-type=\"column\">\n\t\t\t<div class=\"elementor-widget-wrap elementor-element-populated\">\n\t\t\t\t\t\t<div class=\"elementor-element elementor-element-249758fa elementor-widget elementor-widget-heading\" data-id=\"249758fa\" data-element_type=\"widget\" data-e-type=\"widget\" data-widget_type=\"heading.default\">\n\t\t\t\t\t<h3 class=\"elementor-heading-title elementor-size-default\">Slike<\/h3>\t\t\t\t<\/div>\n\t\t\t\t<div class=\"elementor-element elementor-element-63c81c68 elementor-widget elementor-widget-text-editor\" data-id=\"63c81c68\" data-element_type=\"widget\" data-e-type=\"widget\" data-widget_type=\"text-editor.default\">\n\t\t\t\t\t\t\t\t\t<p>Unikatne slike naslikane uljem na platnu donose eleganciju i umjetni\u010dku notu u svaki prostor. Svaki rad je original, pa\u017eljivo izra\u0111en kako bi oplemenio va\u0161 dom ili bio savr\u0161en poklon s trajnom vrijedno\u0161\u0107u.<\/p>\t\t\t\t\t\t\t\t<\/div>\n\t\t\t\t\t<\/div>\n\t\t<\/div>\n\t\t\t\t\t<\/div>\n\t\t<\/section>\n\t\t\t\t\t<\/div>\n\t\t<\/div>\n\t\t\t\t\t<\/div>\n\t\t<\/section>\n\t\t\t\t<\/div>\n\t\t","protected":false},"excerpt":{"rendered":"<p>Ponuda Ali to nije sve, ako imate nekakvu ideju slobodna nas kontaktirajte. Magneti Na\u0161i unikatni magneti savr\u0161en su mali poklon s velikim zna\u010denjem. Bilo da \u017eeli\u0161 razveseliti nekoga ili uljep\u0161ati vlastiti prostor, svaki dizajn izra\u0111en je s posebnom pa\u017enjom i dozom kreativnosti. Od modernih i minimalisti\u010dkih do veselih i personaliziranih motiva \u2013 prona\u0111i magnet koji [&hellip;]<\/p>\n","protected":false},"author":1,"featured_media":0,"parent":0,"menu_order":0,"comment_status":"closed","ping_status":"closed","template":"","meta":{"footnotes":""},"class_list":["post-116","page","type-page","status-publish","hentry"],"_links":{"self":[{"href":"https:\/\/adzela.mojweb.com.hr\/index.php?rest_route=\/wp\/v2\/pages\/116","targetHints":{"allow":["GET"]}}],"collection":[{"href":"https:\/\/adzela.mojweb.com.hr\/index.php?rest_route=\/wp\/v2\/pages"}],"about":[{"href":"https:\/\/adzela.mojweb.com.hr\/index.php?rest_route=\/wp\/v2\/types\/page"}],"author":[{"embeddable":true,"href":"https:\/\/adzela.mojweb.com.hr\/index.php?rest_route=\/wp\/v2\/users\/1"}],"replies":[{"embeddable":true,"href":"https:\/\/adzela.mojweb.com.hr\/index.php?rest_route=%2Fwp%2Fv2%2Fcomments&post=116"}],"version-history":[{"count":8,"href":"https:\/\/adzela.mojweb.com.hr\/index.php?rest_route=\/wp\/v2\/pages\/116\/revisions"}],"predecessor-version":[{"id":132,"href":"https:\/\/adzela.mojweb.com.hr\/index.php?rest_route=\/wp\/v2\/pages\/116\/revisions\/132"}],"wp:attachment":[{"href":"https:\/\/adzela.mojweb.com.hr\/index.php?rest_route=%2Fwp%2Fv2%2Fmedia&parent=116"}],"curies":[{"name":"wp","href":"https:\/\/api.w.org\/{rel}","templated":true}]}}